{"id":31,"date":"2020-10-20T12:01:02","date_gmt":"2020-10-20T12:01:02","guid":{"rendered":"https:\/\/bridge406.qodeinteractive.com\/?page_id=31"},"modified":"2025-09-08T13:13:42","modified_gmt":"2025-09-08T12:13:42","slug":"about","status":"publish","type":"page","link":"https:\/\/fpwie.ch\/?page_id=31","title":{"rendered":"\u00fcber"},"content":{"rendered":"\t\t<div data-elementor-type=\"wp-page\" data-elementor-id=\"31\" class=\"elementor elementor-31\">\n\t\t\t\t\t\t<section class=\"elementor-section elementor-top-section elementor-element elementor-element-3e61844 elementor-section-boxed elementor-section-height-default elementor-section-height-default parallax_section_no qode_elementor_container_no\" data-id=\"3e61844\" data-element_type=\"section\">\n\t\t\t\t\t\t<div class=\"elementor-container elementor-column-gap-default\">\n\t\t\t\t\t<div class=\"elementor-column elementor-col-50 elementor-top-column elementor-element elementor-element-eb66a33\" data-id=\"eb66a33\" data-element_type=\"column\">\n\t\t\t<div class=\"elementor-widget-wrap elementor-element-populated\">\n\t\t\t\t\t\t<div class=\"elementor-element elementor-element-b3076eb elementor-widget elementor-widget-image\" data-id=\"b3076eb\" data-element_type=\"widget\" data-widget_type=\"image.default\">\n\t\t\t\t<div class=\"elementor-widget-container\">\n\t\t\t\t\t\t\t\t\t\t\t\t\t<img fetchpriority=\"high\" decoding=\"async\" width=\"960\" height=\"1280\" src=\"https:\/\/fpwie.ch\/wp-content\/uploads\/2024\/11\/Gross-fpv_drone.jpeg\" class=\"attachment-full size-full wp-image-212\" alt=\"\" srcset=\"https:\/\/fpwie.ch\/wp-content\/uploads\/2024\/11\/Gross-fpv_drone.jpeg 960w, https:\/\/fpwie.ch\/wp-content\/uploads\/2024\/11\/Gross-fpv_drone-225x300.jpeg 225w, https:\/\/fpwie.ch\/wp-content\/uploads\/2024\/11\/Gross-fpv_drone-768x1024.jpeg 768w, https:\/\/fpwie.ch\/wp-content\/uploads\/2024\/11\/Gross-fpv_drone-600x800.jpeg 600w, https:\/\/fpwie.ch\/wp-content\/uploads\/2024\/11\/Gross-fpv_drone-700x933.jpeg 700w\" sizes=\"(max-width: 960px) 100vw, 960px\" \/>\t\t\t\t\t\t\t\t\t\t\t\t\t<\/div>\n\t\t\t\t<\/div>\n\t\t\t\t\t<\/div>\n\t\t<\/div>\n\t\t\t\t<div class=\"elementor-column elementor-col-50 elementor-top-column elementor-element elementor-element-060feda\" data-id=\"060feda\" data-element_type=\"column\">\n\t\t\t<div class=\"elementor-widget-wrap elementor-element-populated\">\n\t\t\t\t\t\t<div class=\"elementor-element elementor-element-3f85f4f elementor-widget elementor-widget-heading\" data-id=\"3f85f4f\" data-element_type=\"widget\" data-widget_type=\"heading.default\">\n\t\t\t\t<div class=\"elementor-widget-container\">\n\t\t\t<h2 class=\"elementor-heading-title elementor-size-default\">\u00dcber das Projekt<\/h2>\t\t<\/div>\n\t\t\t\t<\/div>\n\t\t\t\t<div class=\"elementor-element elementor-element-583bea2 elementor-widget elementor-widget-spacer\" data-id=\"583bea2\" data-element_type=\"widget\" data-widget_type=\"spacer.default\">\n\t\t\t\t<div class=\"elementor-widget-container\">\n\t\t\t\t\t<div class=\"elementor-spacer\">\n\t\t\t<div class=\"elementor-spacer-inner\"><\/div>\n\t\t<\/div>\n\t\t\t\t<\/div>\n\t\t\t\t<\/div>\n\t\t\t\t<div class=\"elementor-element elementor-element-cb4d416 elementor-widget elementor-widget-spacer\" data-id=\"cb4d416\" data-element_type=\"widget\" data-widget_type=\"spacer.default\">\n\t\t\t\t<div class=\"elementor-widget-container\">\n\t\t\t\t\t<div class=\"elementor-spacer\">\n\t\t\t<div class=\"elementor-spacer-inner\"><\/div>\n\t\t<\/div>\n\t\t\t\t<\/div>\n\t\t\t\t<\/div>\n\t\t\t\t<div class=\"elementor-element elementor-element-f808bea elementor-widget elementor-widget-text-editor\" data-id=\"f808bea\" data-element_type=\"widget\" data-widget_type=\"text-editor.default\">\n\t\t\t\t<div class=\"elementor-widget-container\">\n\t\t\t\t\t\t\t<p>Willkommen auf meiner Plattform rund um FPV-Drohnen!<\/p>\n<p>Dieses Projekt entstand aus der Idee, das faszinierende und vielseitige Thema der FPV-Drohnen einem breiteren Publikum zug\u00e4nglich zu machen. FPV-Drohnen, die f\u00fcr ihre spektakul\u00e4ren Perspektiven und vielseitigen Einsatzm\u00f6glichkeiten bekannt sind, k\u00f6nnen auf den ersten Blick \u00fcberw\u00e4ltigend wirken. Der Einstieg in diese Welt erfordert technisches Wissen, Geduld und eine gute Portion Praxis \u2013 bei diesen Punkten m\u00f6chte ich mit meiner Plattform ansetzen.<\/p><p><br><\/p>\n<p><\/p>\n<h4><strong>Meine Mission<\/strong><\/h4>\n<p>Das Ziel dieses Projekts ist es, Anf\u00e4ngern den Zugang zu FPV-Drohnen zu erleichtern und das Thema verst\u00e4ndlich und inspirierend zu gestalten. Gleichzeitig m\u00f6chte ich auch Fortgeschrittenen einen Ort bieten, an dem sie neue Techniken lernen und kreative Ideen finden k\u00f6nnen.<\/p><p><br><\/p>\n<p><\/p>\n<h4><strong>Was findest du hier?<\/strong><\/h4>\n<div>\n<ul style=\"background-color: #f3e7dd;\">\n<li><strong>Anleitungen und Tutorials<\/strong>: Kurzvideos, die den Aufbau, die Konfiguration und die Bedienung von FPV-Drohnen erkl\u00e4ren.<\/li>\n<\/ul>\n<\/div>\n<ul>\n<li><strong>Tipps und Tricks<\/strong>: Praktische Hinweise zu Technik, Flugman\u00f6vern und der Erstellung von beeindruckenden Aufnahmen.<\/li>\n<li><strong>Inspirierende Videos<\/strong>: Spektakul\u00e4re Landschaftsaufnahmen aus der Schweiz, die zeigen, was mit FPV-Drohnen m\u00f6glich ist.<\/li>\n<\/ul><div><br><\/div>\n<h4><strong>Warum FPV-Drohnen?<\/strong><\/h4>\n<p>FPV-Drohnen bieten einzigartige M\u00f6glichkeiten, die Welt aus v\u00f6llig neuen Perspektiven zu erleben. Ob in der Filmproduktion, bei Sportaufnahmen oder in der Naturvideografie \u2013 die M\u00f6glichkeiten sind nahezu grenzenlos. Dieses Projekt soll dazu beitragen, das Potenzial dieser Technologie zu zeigen und sie zug\u00e4nglicher zu machen.<\/p><p><br><\/p>\n<p><\/p>\n<h4><strong>\u00dcber mich<\/strong><\/h4>\n<p>Ich bin Raphael, ein begeisterter Videograf und Drohnenpilot, der seine Leidenschaft f\u00fcr FPV-Drohnen in dieses Projekt einbringt. Durch meine Erfahrungen mit dem Selbstbau und der Nutzung von FPV-Drohnen m\u00f6chte ich mein Wissen und meine Begeisterung mit dir teilen.<\/p><p><br><\/p>\n<p><\/p>\n<h4><strong>Deine Reise beginnt hier<\/strong><\/h4>\n<p>Egal, ob du gerade erst in die Welt der FPV-Drohnen eintauchst oder deine Kenntnisse erweitern m\u00f6chtest \u2013 diese Plattform ist f\u00fcr dich. Lass uns gemeinsam die M\u00f6glichkeiten von FPV-Drohnen entdecken und diese aufregende Technologie erlebbar machen!<\/p>\t\t\t\t\t\t<\/div>\n\t\t\t\t<\/div>\n\t\t\t\t<div class=\"elementor-element elementor-element-421422d elementor-widget elementor-widget-spacer\" data-id=\"421422d\" data-element_type=\"widget\" data-widget_type=\"spacer.default\">\n\t\t\t\t<div class=\"elementor-widget-container\">\n\t\t\t\t\t<div class=\"elementor-spacer\">\n\t\t\t<div class=\"elementor-spacer-inner\"><\/div>\n\t\t<\/div>\n\t\t\t\t<\/div>\n\t\t\t\t<\/div>\n\t\t\t\t<div class=\"elementor-element elementor-element-46f5c59 elementor-widget__width-auto elementor-widget elementor-widget-heading\" data-id=\"46f5c59\" data-element_type=\"widget\" data-widget_type=\"heading.default\">\n\t\t\t\t<div class=\"elementor-widget-container\">\n\t\t\t<h5 class=\"elementor-heading-title elementor-size-default\"><a href=\"#\"><a href=\"https:\/\/www.instagram.com\/fpwie.ch\/\" class=\"qode-custom-circle-icons\" target=\"_blank\">ig<\/a><\/a><\/h5>\t\t<\/div>\n\t\t\t\t<\/div>\n\t\t\t\t<div class=\"elementor-element elementor-element-e469ffc elementor-widget__width-auto elementor-widget elementor-widget-heading\" data-id=\"e469ffc\" data-element_type=\"widget\" data-widget_type=\"heading.default\">\n\t\t\t\t<div class=\"elementor-widget-container\">\n\t\t\t<h5 class=\"elementor-heading-title elementor-size-default\"><a href=\"https:\/\/www.youtube.com\/channel\/UC-h62vMXD5aZV5zAULD-SuA\" target=\"_blank\"><a href=\"https:\/\/www.youtube.com\/@raphaelvisuals\" class=\"qode-custom-circle-icons\" target=\"_blank\">yt<\/a><\/a><\/h5>\t\t<\/div>\n\t\t\t\t<\/div>\n\t\t\t\t\t<\/div>\n\t\t<\/div>\n\t\t\t\t\t<\/div>\n\t\t<\/section>\n\t\t\t\t<\/div>\n\t\t","protected":false},"excerpt":{"rendered":"<p>\u00dcber das Projekt Willkommen auf meiner Plattform rund um FPV-Drohnen! Dieses Projekt entstand aus der Idee, das faszinierende und vielseitige Thema der FPV-Drohnen einem breiteren Publikum zug\u00e4nglich zu machen. FPV-Drohnen, die f\u00fcr ihre spektakul\u00e4ren Perspektiven und vielseitigen Einsatzm\u00f6glichkeiten bekannt sind, k\u00f6nnen auf den ersten Blick&#8230;<\/p>\n","protected":false},"author":2,"featured_media":0,"parent":0,"menu_order":0,"comment_status":"closed","ping_status":"closed","template":"full_width.php","meta":{"content-type":"","footnotes":""},"class_list":["post-31","page","type-page","status-publish","hentry"],"_links":{"self":[{"href":"https:\/\/fpwie.ch\/index.php?rest_route=\/wp\/v2\/pages\/31","targetHints":{"allow":["GET"]}}],"collection":[{"href":"https:\/\/fpwie.ch\/index.php?rest_route=\/wp\/v2\/pages"}],"about":[{"href":"https:\/\/fpwie.ch\/index.php?rest_route=\/wp\/v2\/types\/page"}],"author":[{"embeddable":true,"href":"https:\/\/fpwie.ch\/index.php?rest_route=\/wp\/v2\/users\/2"}],"replies":[{"embeddable":true,"href":"https:\/\/fpwie.ch\/index.php?rest_route=%2Fwp%2Fv2%2Fcomments&post=31"}],"version-history":[{"count":57,"href":"https:\/\/fpwie.ch\/index.php?rest_route=\/wp\/v2\/pages\/31\/revisions"}],"predecessor-version":[{"id":317,"href":"https:\/\/fpwie.ch\/index.php?rest_route=\/wp\/v2\/pages\/31\/revisions\/317"}],"wp:attachment":[{"href":"https:\/\/fpwie.ch\/index.php?rest_route=%2Fwp%2Fv2%2Fmedia&parent=31"}],"curies":[{"name":"wp","href":"https:\/\/api.w.org\/{rel}","templated":true}]}}